{"id":953,"date":"2012-11-04T15:50:12","date_gmt":"2012-11-04T16:50:12","guid":{"rendered":"http:\/\/www.funkstation.info\/website\/?page_id=953"},"modified":"2018-10-28T17:15:28","modified_gmt":"2018-10-28T16:15:28","slug":"diplome","status":"publish","type":"page","link":"https:\/\/www.funkstation.info\/website\/?page_id=953","title":{"rendered":"Diplome"},"content":{"rendered":"<p><a href=\"http:\/\/www.funkstation.info\/website\/wp-content\/uploads\/2011\/05\/P4090024.jpg\"><img decoding=\"async\" class=\"alignleft\" style=\"border: 0px none; margin: 10px; width: 300px; height: 225px;\" title=\"DXCC Award DL7UZO\" src=\"http:\/\/www.funkstation.info\/website\/wp-content\/uploads\/2011\/05\/P4090024-300x225.jpg\" alt=\"DXCC Award DL7UZO\" \/><\/a><\/p>\n<p><span style=\"font-size: 12px;\"><span style=\"font-family: arial,helvetica,sans-serif;\">Im Laufe der vergangenen Jahre ist auch bei mir das eine oder andere Diplom durch das sammeln von QSL-Karten oder f\u00fcr die Teilnahme an verschiedenen Contesten erarbeitet worden und h\u00e4ngen heute an meiner Wand.<\/span><\/span><\/p>\n<p><span style=\"font-size: 12px;\"><span style=\"font-family: arial,helvetica,sans-serif;\">Leider gibt es nach meiner Ansicht kaum gute Logbuchprogramme bei denen man aus den eigenen Log heraus direkt z.B. vollst\u00e4ndig ausgef\u00fcllte GCR-Listen zum beantragen von Diplomen sauber und vor allem unkompliziert generieren kann.<\/span><\/span><\/p>\n<p><span style=\"font-size: 12px;\"><span style=\"font-family: arial,helvetica,sans-serif;\">Zwar hat man in HAMOffice 4.0 eine vergleichbare Funktion eingebaut, aber die Bedienung erscheint mir noch immer umst\u00e4ndlich. Das f\u00fcr mich pers\u00f6nlich wichtigste Diplom ist das DXCC der ARRL f\u00fcr mindestens 125 best\u00e4tigten und gearbeiteten L\u00e4ndern und ist damit mein einziges richtigtes QSL-Diplom bei dem ich noch alle notwendigen QSL-Karten mit der Post nach USA zum pr\u00fcfen gesendet hatte.<br \/>\nInzwischen gibt es zum Gl\u00fcck die M\u00f6glichkeit seine QSL-Karten f\u00fcr den Diplomantrag in Deutschland pr\u00fcfen zu lassen und die Gefahr des Verlustes seltener QSL-Karten wird minimiert, aber auch die Bearbeiung des Diplomantrages ist nun deutlich schneller.<\/span><\/span><\/p>\n<hr \/>\n<p><strong>My Most wanted DX Plaque Gallery by the Russian Robinson Club<\/strong><\/p>\n\n<table id=\"tablepress-2\" class=\"tablepress tablepress-id-2\">\n<thead>\n<tr class=\"row-1\">\n\t<th class=\"column-1\"><a href=\"https:\/\/www.funkstation.info\/website\/wp-content\/uploads\/2018\/10\/SAM_4391.jpg\"><img loading=\"lazy\" decoding=\"async\" src=\"https:\/\/www.funkstation.info\/website\/wp-content\/uploads\/2018\/10\/SAM_4391-200x200.jpg\" alt=\"\" width=\"200\" height=\"200\" class=\"aligncenter size-thumbnail wp-image-2761\" \/><\/a><\/th><th class=\"column-2\"><a href=\"https:\/\/www.funkstation.info\/website\/wp-content\/uploads\/2018\/10\/SAM_4385.jpg\"><img loading=\"lazy\" decoding=\"async\" src=\"https:\/\/www.funkstation.info\/website\/wp-content\/uploads\/2018\/10\/SAM_4385-200x200.jpg\" alt=\"\" width=\"200\" height=\"200\" class=\"aligncenter size-thumbnail wp-image-2760\" \/><\/a><\/th><th class=\"column-3\"><a href=\"https:\/\/www.funkstation.info\/website\/wp-content\/uploads\/2018\/10\/SAM_4384.jpg\"><img loading=\"lazy\" decoding=\"async\" src=\"https:\/\/www.funkstation.info\/website\/wp-content\/uploads\/2018\/10\/SAM_4384-200x200.jpg\" alt=\"\" width=\"200\" height=\"200\" class=\"aligncenter size-thumbnail wp-image-2759\" \/><\/a><\/th>\n<\/tr>\n<\/thead>\n<tbody class=\"row-striping row-hover\">\n<tr class=\"row-2\">\n\t<td class=\"column-1\"><\/td><td class=\"column-2\"><\/td><td class=\"column-3\"><\/td>\n<\/tr>\n<tr class=\"row-3\">\n\t<td class=\"column-1\"><\/td><td class=\"column-2\"><\/td><td class=\"column-3\"><\/td>\n<\/tr>\n<tr class=\"row-4\">\n\t<td class=\"column-1\"><a href=\"https:\/\/www.funkstation.info\/website\/wp-content\/uploads\/2018\/10\/SAM_4396.jpg\"><img loading=\"lazy\" decoding=\"async\" src=\"https:\/\/www.funkstation.info\/website\/wp-content\/uploads\/2018\/10\/SAM_4396-200x200.jpg\" alt=\"\" width=\"200\" height=\"200\" class=\"aligncenter size-thumbnail wp-image-2764\" \/><\/a><\/td><td class=\"column-2\"><a href=\"https:\/\/www.funkstation.info\/website\/wp-content\/uploads\/2018\/10\/SAM_4375.jpg\"><img loading=\"lazy\" decoding=\"async\" src=\"https:\/\/www.funkstation.info\/website\/wp-content\/uploads\/2018\/10\/SAM_4375-200x200.jpg\" alt=\"\" width=\"200\" height=\"200\" class=\"aligncenter size-thumbnail wp-image-2763\" \/><\/a><\/td><td class=\"column-3\"><a href=\"https:\/\/www.funkstation.info\/website\/wp-content\/uploads\/2018\/10\/SAM_4394.jpg\"><img loading=\"lazy\" decoding=\"async\" src=\"https:\/\/www.funkstation.info\/website\/wp-content\/uploads\/2018\/10\/SAM_4394-200x200.jpg\" alt=\"\" width=\"200\" height=\"200\" class=\"aligncenter size-thumbnail wp-image-2762\" \/><\/a><\/td>\n<\/tr>\n<tr class=\"row-5\">\n\t<td class=\"column-1\"><\/td><td class=\"column-2\"><\/td><td class=\"column-3\"><\/td>\n<\/tr>\n<tr class=\"row-6\">\n\t<td class=\"column-1\"><\/td><td class=\"column-2\"><\/td><td class=\"column-3\"><\/td>\n<\/tr>\n<tr class=\"row-7\">\n\t<td class=\"column-1\"><a href=\"https:\/\/www.funkstation.info\/website\/wp-content\/uploads\/2021\/09\/A25RU.jpg\"><img loading=\"lazy\" decoding=\"async\" src=\"https:\/\/www.funkstation.info\/website\/wp-content\/uploads\/2021\/09\/A25RU-200x200.jpg\" alt=\"\" width=\"200\" height=\"200\" class=\"alignright size-thumbnail wp-image-3227\" \/><\/a><\/td><td class=\"column-2\"><a href=\"https:\/\/www.funkstation.info\/website\/wp-content\/uploads\/2018\/10\/SAM_4392.jpg\"><img loading=\"lazy\" decoding=\"async\" src=\"https:\/\/www.funkstation.info\/website\/wp-content\/uploads\/2018\/10\/SAM_4392-200x200.jpg\" alt=\"\" width=\"200\" height=\"200\" class=\"aligncenter size-thumbnail wp-image-2765\" \/><\/a><\/td><td class=\"column-3\"><a href=\"https:\/\/www.funkstation.info\/website\/wp-content\/uploads\/2021\/09\/RI0Q.jpg\"><img loading=\"lazy\" decoding=\"async\" src=\"https:\/\/www.funkstation.info\/website\/wp-content\/uploads\/2021\/09\/RI0Q-200x200.jpg\" alt=\"\" width=\"200\" height=\"200\" class=\"alignright size-thumbnail wp-image-3228\" \/><\/a><\/td>\n<\/tr>\n<\/tbody>\n<\/table>\n<!-- #tablepress-2 from cache -->\n<p>&nbsp;<\/p>\n<hr \/>\n<p><strong>My Contest and WFF Awards<\/strong><\/p>\n<p><span style=\"font-size: 12px;\"><span style=\"font-family: arial,helvetica,sans-serif;\"><a href=\"http:\/\/www.funkstation.info\/website\/wp-content\/uploads\/DL7UZO_Platinum.jpg\">\n<table id=\"tablepress-3\" class=\"tablepress tablepress-id-3\">\n<thead>\n<tr class=\"row-1\">\n\t<th class=\"column-1\"><a href=\"https:\/\/www.funkstation.info\/website\/wp-content\/uploads\/DL7UZO.png\"><img loading=\"lazy\" decoding=\"async\" src=\"https:\/\/www.funkstation.info\/website\/wp-content\/uploads\/DL7UZO-150x150.png\" alt=\"\" width=\"150\" height=\"150\" class=\"aligncenter size-thumbnail wp-image-1631\" \/><\/a><\/th><th class=\"column-2\"><a href=\"https:\/\/www.funkstation.info\/website\/wp-content\/uploads\/DXFF-A3-DL7UZO-2014-008.jpg\"><img loading=\"lazy\" decoding=\"async\" src=\"https:\/\/www.funkstation.info\/website\/wp-content\/uploads\/DXFF-A3-DL7UZO-2014-008-150x150.jpg\" alt=\"\" width=\"150\" height=\"150\" class=\"aligncenter size-thumbnail wp-image-1685\" \/><\/a><\/th><th class=\"column-3\"><a href=\"https:\/\/www.funkstation.info\/website\/wp-content\/uploads\/DL7UZO-WACPA-GENERAL-1.jpg\"><img loading=\"lazy\" decoding=\"async\" src=\"https:\/\/www.funkstation.info\/website\/wp-content\/uploads\/DL7UZO-WACPA-GENERAL-1-150x150.jpg\" alt=\"\" width=\"150\" height=\"150\" class=\"aligncenter size-thumbnail wp-image-1634\" \/><\/a><\/th>\n<\/tr>\n<\/thead>\n<tbody class=\"row-striping row-hover\">\n<tr class=\"row-2\">\n\t<td class=\"column-1\"><\/td><td class=\"column-2\"><\/td><td class=\"column-3\"><\/td>\n<\/tr>\n<tr class=\"row-3\">\n\t<td class=\"column-1\"><a href=\"https:\/\/www.funkstation.info\/website\/wp-content\/uploads\/DL7UZO_Platinum.jpg\"><img loading=\"lazy\" decoding=\"async\" src=\"https:\/\/www.funkstation.info\/website\/wp-content\/uploads\/DL7UZO_Platinum-150x150.jpg\" alt=\"\" width=\"150\" height=\"150\" class=\"aligncenter size-thumbnail wp-image-1797\" \/><\/a><\/td><td class=\"column-2\"><\/td><td class=\"column-3\"><\/td>\n<\/tr>\n<tr class=\"row-4\">\n\t<td class=\"column-1\"><\/td><td class=\"column-2\"><\/td><td class=\"column-3\"><\/td>\n<\/tr>\n<tr class=\"row-5\">\n\t<td class=\"column-1\"><\/td><td class=\"column-2\"><\/td><td class=\"column-3\"><\/td>\n<\/tr>\n<\/tbody>\n<\/table>\n<!-- #tablepress-3 from cache --><\/a><\/span><\/span><\/p>\n<p>&nbsp;<\/p>\n<p>&nbsp;<\/p>\n<p>&nbsp;<\/p>\n","protected":false},"excerpt":{"rendered":"<p>Im Laufe der vergangenen Jahre ist auch bei mir das eine oder andere Diplom durch das sammeln von QSL-Karten oder f\u00fcr die Teilnahme an verschiedenen Contesten erarbeitet worden und h\u00e4ngen heute an meiner Wand. Leider gibt es nach meiner Ansicht kaum gute Logbuchprogramme bei denen man aus den eigenen Log heraus direkt z.B. vollst\u00e4ndig ausgef\u00fcllte GCR-Listen zum beantragen von Diplomen [&hellip;]<\/p>\n","protected":false},"author":1,"featured_media":0,"parent":0,"menu_order":5,"comment_status":"closed","ping_status":"open","template":"","meta":{"footnotes":""},"class_list":["post-953","page","type-page","status-publish","hentry"],"_links":{"self":[{"href":"https:\/\/www.funkstation.info\/website\/index.php?rest_route=\/wp\/v2\/pages\/953","targetHints":{"allow":["GET"]}}],"collection":[{"href":"https:\/\/www.funkstation.info\/website\/index.php?rest_route=\/wp\/v2\/pages"}],"about":[{"href":"https:\/\/www.funkstation.info\/website\/index.php?rest_route=\/wp\/v2\/types\/page"}],"author":[{"embeddable":true,"href":"https:\/\/www.funkstation.info\/website\/index.php?rest_route=\/wp\/v2\/users\/1"}],"replies":[{"embeddable":true,"href":"https:\/\/www.funkstation.info\/website\/index.php?rest_route=%2Fwp%2Fv2%2Fcomments&post=953"}],"version-history":[{"count":21,"href":"https:\/\/www.funkstation.info\/website\/index.php?rest_route=\/wp\/v2\/pages\/953\/revisions"}],"predecessor-version":[{"id":2782,"href":"https:\/\/www.funkstation.info\/website\/index.php?rest_route=\/wp\/v2\/pages\/953\/revisions\/2782"}],"wp:attachment":[{"href":"https:\/\/www.funkstation.info\/website\/index.php?rest_route=%2Fwp%2Fv2%2Fmedia&parent=953"}],"curies":[{"name":"wp","href":"https:\/\/api.w.org\/{rel}","templated":true}]}}