{"id":892,"date":"2012-11-04T14:12:57","date_gmt":"2012-11-04T15:12:57","guid":{"rendered":"http:\/\/www.funkstation.info\/website\/?page_id=892"},"modified":"2019-12-25T18:17:52","modified_gmt":"2019-12-25T17:17:52","slug":"ct7dl7uzo-2011","status":"publish","type":"page","link":"https:\/\/www.funkstation.info\/website\/?page_id=892","title":{"rendered":"CT7\/DL7UZO 2011"},"content":{"rendered":"<p><span style=\"font-size: 12px;\"><span style=\"font-family: arial,helvetica,sans-serif;\">Einmal ganz an<a href=\"http:\/\/www.funkstation.info\/website\/wp-content\/uploads\/2011\/05\/CT7_DL7UZO_2.jpg\"><img loading=\"lazy\" decoding=\"async\" class=\"alignleft\" style=\"border: 0px none; margin: 7px;\" title=\"CT7_DL7UZO_2\" src=\"http:\/\/www.funkstation.info\/website\/wp-content\/uploads\/2011\/05\/CT7_DL7UZO_2-300x195.jpg\" alt=\"\" width=\"300\" height=\"195\" \/><\/a>ders Urlaub machen als all die Jahre zuvor. Genau das hatten wir uns f\u00fcr dieses Fr\u00fchjahr vorgenommen.<br \/>\nEin guter Freund und bekannter Designer aus Berlin bot uns an, sein Ferienhaus im S\u00fcden von Portugal gegen kleines Endgeld ausgiebig nutzen zu k\u00f6nnen. <\/span><\/span><\/p>\n<p><span style=\"font-size: 12px;\"><span style=\"font-family: arial,helvetica,sans-serif;\">AIR BERLIN brachte uns dann Mitte April 2011 etwas verp\u00e4tet nach Faro im S\u00fcden von Portugal.<\/span><\/span><br \/>\n<span style=\"font-size: 12px;\"><span style=\"font-family: arial,helvetica,sans-serif;\">Der &#8222;hauseigene Jeep&#8220; stand wie vereinbart am Stra\u00dfenrand und wurde fix beladen. Mit Hilfe der Wegskizzen und nach rund 60 Km Fahrt ging es in die gr\u00fcnen H\u00fcgel s\u00fcdlich <\/span><\/span><a title=\"\" href=\"http:\/\/www.funkstation.info\/website\/wp-content\/uploads\/2012\/11\/P4080012.jpg\" target=\"\" rel=\"noopener noreferrer\"><img loading=\"lazy\" decoding=\"async\" class=\"alignleft size-thumbnail wp-image-2024\" style=\"margin: 5px;\" title=\"\" src=\"http:\/\/www.funkstation.info\/website\/wp-content\/uploads\/2012\/11\/P4080012-250x250.jpg\" alt=\"\" width=\"158\" height=\"158\" \/><\/a><span style=\"font-size: 12px;\"><span style=\"font-family: arial,helvetica,sans-serif;\">von Monchique, immer weiter hinauf.\u00a0 Erst gewohnte Asphaltstra\u00dfen und dann echte Schotterpisten und einem Jeep (&#8222;Truck&#8220;) dessen Eigenarten man erst lernen musste.<\/span><\/span><\/p>\n<p><span style=\"font-size: 12px;\"><span style=\"font-family: arial,helvetica,sans-serif;\">Gerade noch rechtzeitig vor dem Einbrechen der Dunkelheit haben wir zum Gl\u00fcck das Haus endlich gefunden. Bei unbeleuchteten Wegen h\u00e4tten wir bei vollst\u00e4ndiger Dunkelheit ein echtes Problem<\/span><\/span><a title=\"\" href=\"http:\/\/www.funkstation.info\/website\/wp-content\/uploads\/2012\/11\/P4130100.jpg\" target=\"\" rel=\"noopener noreferrer\"><img loading=\"lazy\" decoding=\"async\" class=\"alignright size-thumbnail wp-image-2025\" style=\"margin: 5px;\" title=\"\" src=\"http:\/\/www.funkstation.info\/website\/wp-content\/uploads\/2012\/11\/P4130100-250x250.jpg\" alt=\"\" width=\"167\" height=\"167\" \/><\/a><span style=\"font-size: 12px;\"><span style=\"font-family: arial,helvetica,sans-serif;\"> bekommen und das abgelegene Haus sicher nicht gefunden. <\/span><\/span><br \/>\n<span style=\"font-size: 12px;\"><span style=\"font-family: arial,helvetica,sans-serif;\">Am Ziel erwartetet uns dann ein voll eingerichtetes portugiesiches Bauernhaus mit einer kompletten Innenausstattung f\u00fcr bis zu 6 Personen mit Terasse, Grillhaus, Swimmingpool und 4000qm Grundst\u00fcck in mitten gr\u00fcner Natur, was will man mehr.<\/span><\/span><\/p>\n<p><span style=\"font-size: 12px;\"><span style=\"font-family: arial,helvetica,sans-serif;\">Am n\u00e4chsten Tag den 10m Spieth-Mast hinter dem Haus aufgestellt, die Drahtantenne in die &#8222;Botanik&#8220; geworfen und die Funktechnik auf der Terasse positioniert. <\/span><\/span><\/p>\n<p><span style=\"font-size: 12px;\"><span style=\"font-family: arial,helvetica,sans-serif;\">Nun, die Entt\u00e4uschung war gro\u00df als ich beim Auspacken der Technik feststellen musste das ich meinen CW-Keyer zu Hause an der Station vergessen hatte.<a href=\"http:\/\/www.funkstation.info\/website\/wp-content\/uploads\/2011\/05\/P4130099.jpg\"><img loading=\"lazy\" decoding=\"async\" class=\"alignright\" style=\"border: 0px none; margin: 7px;\" title=\"OLYMPUS DIGITAL CAMERA\" src=\"http:\/\/www.funkstation.info\/website\/wp-content\/uploads\/2011\/05\/P4130099-300x225.jpg\" alt=\"\" width=\"300\" height=\"225\" \/><\/a><\/span><\/span><\/p>\n<p><span style=\"font-size: 12px;\"><span style=\"font-family: arial,helvetica,sans-serif;\">Zum Funkbetrieb &#8211;<br \/>\nEs ist erstaunlich welche Ruhe auf den Kurzwellenb\u00e4ndern au\u00dferhalb der EMV-verseuchten St\u00e4dte herscht.<br \/>\nImmerhin war der n\u00e4chste Ort ca. 5 Km entfernt. Zwar stand hier und dort ein Bauernhaus, aber sonst umgab uns nichts weiter als die Natur. Himmlische Ruhe, nur Vogelgezwitscher das Rufen eines Uhus und ich konnte endlich mal wieder in SSB CQ-Rufen so laut und so lange ich wollte.<\/span><\/span><\/p>\n<p><span style=\"font-size: 12px;\"><span style=\"font-family: arial,helvetica,sans-serif;\">Ich tummelte mich hautps\u00e4chlich auf dem 20m Band in SSB da hier der Multiband-Dipol am besten funktionierte und wie immer die meisten Stationen QRV waren.<br \/>\nAuch auf den anderen B\u00e4ndern bis rauf zum 10m Band konnte ich in den n\u00e4chsten Tagen etliche sch\u00f6ne EU und auch DX-QSOs fahren.<br \/>\nEin Besonderheit f\u00fcr mich ist bei solchen Outdoor-Aktivit\u00e4ten ist immer dass Abh\u00f6ren der Bakenfrequenzen auf dem 6m- oder 10m Band. Einige dieser Baken h\u00f6rt man eben nur wenn man auch wirklich in deren N\u00e4he ist. Selbst mitten in der Nacht konnte ich u.a. die 6m Bake von EA8 aufnehmen.<\/span><\/span><\/p>\n<p><span style=\"font-size: 12px;\"><span style=\"font-family: arial,helvetica,sans-serif;\">Nun, der Betrieb in SSB klappte ganz gut, aber ich bin nun mal eher ein CW-Funker.<br \/>\nAus Verzweiflung habe ich dann versucht so etwas wie einen Keyer zusammenzubasteln. Nach dem ersten QSO-Versuch flog das &#8222;Bastelset&#8220; bestehend aus einem Holzbrett mit B\u00fcroklammern vom Tisch.<br \/>\n<a href=\"http:\/\/www.funkstation.info\/website\/wp-content\/uploads\/2011\/05\/P4130157.jpg\"><img loading=\"lazy\" decoding=\"async\" class=\"alignleft\" style=\"border: 0px none; margin: 7px;\" title=\"OLYMPUS DIGITAL CAMERA\" src=\"http:\/\/www.funkstation.info\/website\/wp-content\/uploads\/2011\/05\/P4130157-300x225.jpg\" alt=\"\" width=\"300\" height=\"225\" \/><\/a>Dann die Idee und eine M\u00f6glichkeit blieb mir jedoch. Mit den Up-Down-Tasten des Mikrofons konnte man CW-Zeichen geben und den CQ-Ruf erm\u00f6glichte mir der eingebaute CW-Speicher des FT-857. Ich h\u00e4tte nicht gedacht das es funktioniert, aber mit etwas \u00dcbung und Fingerakrobatik konnte ich so CW-QSOs fahren. Allen OMs die sich \u00fcber mein CW-Stil w\u00e4hrend des QSOs wunderten, wissen nun warum ich so in Telegrafie &#8222;rumst\u00fcmmlte&#8220; und m\u00f6gen mir verzeihen.<\/span><\/span><\/p>\n<p><span style=\"font-size: 12px;\"><span style=\"font-family: arial,helvetica,sans-serif;\">Nachdem mich Erich DL7VEO mit Hilfe der DX-Cluster Meldungen &#8222;gesehen&#8220; und dann auch auf dem Band gefunden und anschlie\u00dfend auch gearbeitet hatte, meldete ich mich eines Tages auch Abends in der 80m Nachteulenrunde.<br \/>\nSo ist der eine oder andere also auch von CT7 geh\u00f6rt und von mir erfolgreich gearbeitet worden. Es ging einige Zeit erstaunlich gut in SSB auf 3683 Khz mit Signalst\u00e4rken um S6-7. Mein weitestes DX-QSO hatte ich \u00fcbrigens mit China auf 15m in CW.<\/span><\/span><\/p>\n<p><span style=\"font-size: 12px;\"><span style=\"font-family: arial,helvetica,sans-serif;\">Ich hatte mir eigentlich vorgenommen ein Online-<a title=\"Logbook CT7\/DL7UZO Portugal 2011\" href=\"http:\/\/www.funkstation.info\/website\/?p=230\">Logbuch<\/a> auf meiner Webseite zu realisieren, aber alle Versuche von unserem entfernten QTH ins Internet zu gelangen bleiben leider erfolglos. Wir waren wirklich weit ab. Insgesamt wurden w\u00e4hrend der Aktivit\u00e4t 35 DXCC L\u00e4nder gearbeitet.<\/span><\/span><\/p>\n<p><span style=\"font-size: 12px;\"><span style=\"font-family: arial,helvetica,sans-serif;\">SWL Arvid aus Krisitiansand in Norwgen hat mir einen SWL-Empfangsbericht per E-Mail und via Post gesendet und auch ein Mp3-Audiofile gemailt.<\/span><\/span><\/p>\n<!--[if lt IE 9]><script>document.createElement('audio');<\/script><![endif]-->\n<audio class=\"wp-audio-shortcode\" id=\"audio-892-1\" preload=\"auto\" style=\"width: 100%;\" controls=\"controls\"><source type=\"audio\/mpeg\" src=\"https:\/\/www.funkstation.info\/website\/wp-content\/uploads\/2011\/05\/MIC-285.mp3?_=1\" \/><a href=\"https:\/\/www.funkstation.info\/website\/wp-content\/uploads\/2011\/05\/MIC-285.mp3\">https:\/\/www.funkstation.info\/website\/wp-content\/uploads\/2011\/05\/MIC-285.mp3<\/a><\/audio>\n<p><span style=\"font-size: 12px;\"><span style=\"font-family: arial,helvetica,sans-serif;\">Sein RX besteht aus einem Sangean ATS909 mit 25 m Wire-Antenne. F\u00fcr diesen tollen Empfangsbericht gibt es nat\u00fcrlich die QSL No.001 als Empfangsbest\u00e4tigung. &#8211; Tnx Arvid-<br \/>\n<a href=\"http:\/\/www.funkstation.info\/website\/wp-content\/uploads\/2011\/05\/CT7_Band.jpg\"><img loading=\"lazy\" decoding=\"async\" class=\"alignright\" style=\"border: 0px none; margin: 7px;\" title=\"CT7_Band\" src=\"http:\/\/www.funkstation.info\/website\/wp-content\/uploads\/2011\/05\/CT7_Band-300x200.jpg\" alt=\"\" width=\"300\" height=\"200\" \/><\/a><\/span><\/span><\/p>\n<p><span style=\"font-size: 12px;\"><span style=\"font-family: arial,helvetica,sans-serif;\">Die Tage verbrachten wir mit vielen sch\u00f6nen Tagestouren entlang der K\u00fcste und rollten so fast 1000 km mit dem Jeep durch den S\u00fcden von Portugal. Das Wetter meinte es ausgesprochen gut mit uns. Angenehme Temperaturen und Sonne ohne Ende.<br \/>\nWir haben zweimal gerillt und sonst Abends in einem der vielen Restaurants lecker &#8222;Piri-Piri&#8220; gegessen. Das ist ein landestypisches Gericht. Eigentlich nur ein Grillh\u00e4hnchen mit einer extrem scharfen So\u00dfe aber sehr lecker.<br \/>\nNun, wir haben uns dann auf ein nettes kleines Restaurant in der N\u00e4he &#8222;eingeschossen&#8220;. Der Wirt plauderte mit uns stundenlang und wir haben unser Englisch mal richtig ausprobieren k\u00f6nnen.<\/span><\/span><\/p>\n<p><span style=\"font-size: 12px;\"><span style=\"font-family: arial,helvetica,sans-serif;\">So ist dann auch diese <a href=\"http:\/\/www.funkstation.info\/website\/wp-content\/uploads\/2011\/05\/P4080032.jpg\"><img loading=\"lazy\" decoding=\"async\" class=\"alignleft\" style=\"border: 0px none; margin: 7px;\" title=\"OLYMPUS DIGITAL CAMERA\" src=\"http:\/\/www.funkstation.info\/website\/wp-content\/uploads\/2011\/05\/P4080032-300x225.jpg\" alt=\"\" width=\"300\" height=\"225\" \/><\/a>eine Urlaubswoche leider sehr schnell vergangen. Ich muss wirklich sagen wir haben uns sehr gut erholt und es war ein ganz anderer Urlaub als wie wir es sonst gewohnt waren.<\/span><\/span><\/p>\n<p><span style=\"font-size: 12px;\"><span style=\"font-family: arial,helvetica,sans-serif;\">Zum Schluss haben wir den Wunsch unseres Gastgebers doch noch erf\u00fcllt und einen Apfelbaum gepflanzt. Mal schauen ob der noch in ein paar Jahren steht und vieleicht auch einmal Fr\u00fcchte tr\u00e4gt.<\/span><\/span><\/p>\n<p><span style=\"font-size: 12px;\"><span style=\"font-family: arial,helvetica,sans-serif;\">Alle QSL-Karten dieser Funkaktivit\u00e4t sind inzwischen via QSL-B\u00fcro vollst\u00e4ndig versendet. Ein gro\u00dfes Lob geht an <a title=\"QSLShop.com Box 73 Funkamateur\" href=\"http:\/\/www.qslshop.com\">QSL-Shop<\/a> und besonders an deren Mitarbeiterin Sabine DL3KWS\u00a0 f\u00fcr die wirklich exakte Umsetzung meines QSL-Entwurfes aus meinen Skizzen und Photos.<\/span><\/span><\/p>\n<p><span style=\"font-size: 12px;\"><span style=\"font-family: arial,helvetica,sans-serif;\"><em>See you in next PileUp from &#8230;?<\/em><\/span><\/span><\/p>\n<p><a href=\"http:\/\/www.funkstation.info\/website\/wp-content\/uploads\/2012\/11\/P4070001.jpg\"><img loading=\"lazy\" decoding=\"async\" class=\"alignleft size-thumbnail wp-image-2017\" src=\"http:\/\/www.funkstation.info\/website\/wp-content\/uploads\/2012\/11\/P4070001-250x250.jpg\" alt=\"\" width=\"250\" height=\"250\" \/><\/a>\u00a0\u00a0 <a href=\"http:\/\/www.funkstation.info\/website\/wp-content\/uploads\/2012\/11\/P4130139.jpg\"><img loading=\"lazy\" decoding=\"async\" class=\"alignleft size-thumbnail wp-image-2022\" src=\"http:\/\/www.funkstation.info\/website\/wp-content\/uploads\/2012\/11\/P4130139-250x250.jpg\" alt=\"\" width=\"250\" height=\"250\" \/><\/a><a href=\"http:\/\/www.funkstation.info\/website\/wp-content\/uploads\/2012\/11\/P4070009.jpg\"><img loading=\"lazy\" decoding=\"async\" class=\"alignleft size-thumbnail wp-image-2020\" src=\"http:\/\/www.funkstation.info\/website\/wp-content\/uploads\/2012\/11\/P4070009-250x250.jpg\" alt=\"\" width=\"250\" height=\"250\" \/><\/a><a href=\"http:\/\/www.funkstation.info\/website\/wp-content\/uploads\/2012\/11\/P4070004.jpg\"><img loading=\"lazy\" decoding=\"async\" class=\"alignleft size-thumbnail wp-image-2018\" src=\"http:\/\/www.funkstation.info\/website\/wp-content\/uploads\/2012\/11\/P4070004-250x250.jpg\" alt=\"\" width=\"250\" height=\"250\" \/><\/a><\/p>\n","protected":false},"excerpt":{"rendered":"<p>Einmal ganz anders Urlaub machen als all die Jahre zuvor. Genau das hatten wir uns f\u00fcr dieses Fr\u00fchjahr vorgenommen. Ein guter Freund und bekannter Designer aus Berlin bot uns an, sein Ferienhaus im S\u00fcden von Portugal gegen kleines Endgeld ausgiebig nutzen zu k\u00f6nnen. AIR BERLIN brachte uns dann Mitte April 2011 etwas verp\u00e4tet nach Faro im S\u00fcden von Portugal. Der [&hellip;]<\/p>\n","protected":false},"author":1,"featured_media":0,"parent":881,"menu_order":1,"comment_status":"closed","ping_status":"closed","template":"","meta":{"footnotes":""},"class_list":["post-892","page","type-page","status-publish","hentry"],"_links":{"self":[{"href":"https:\/\/www.funkstation.info\/website\/index.php?rest_route=\/wp\/v2\/pages\/892","targetHints":{"allow":["GET"]}}],"collection":[{"href":"https:\/\/www.funkstation.info\/website\/index.php?rest_route=\/wp\/v2\/pages"}],"about":[{"href":"https:\/\/www.funkstation.info\/website\/index.php?rest_route=\/wp\/v2\/types\/page"}],"author":[{"embeddable":true,"href":"https:\/\/www.funkstation.info\/website\/index.php?rest_route=\/wp\/v2\/users\/1"}],"replies":[{"embeddable":true,"href":"https:\/\/www.funkstation.info\/website\/index.php?rest_route=%2Fwp%2Fv2%2Fcomments&post=892"}],"version-history":[{"count":17,"href":"https:\/\/www.funkstation.info\/website\/index.php?rest_route=\/wp\/v2\/pages\/892\/revisions"}],"predecessor-version":[{"id":2976,"href":"https:\/\/www.funkstation.info\/website\/index.php?rest_route=\/wp\/v2\/pages\/892\/revisions\/2976"}],"up":[{"embeddable":true,"href":"https:\/\/www.funkstation.info\/website\/index.php?rest_route=\/wp\/v2\/pages\/881"}],"wp:attachment":[{"href":"https:\/\/www.funkstation.info\/website\/index.php?rest_route=%2Fwp%2Fv2%2Fmedia&parent=892"}],"curies":[{"name":"wp","href":"https:\/\/api.w.org\/{rel}","templated":true}]}}