{"id":3510,"date":"2025-01-18T16:57:02","date_gmt":"2025-01-18T15:57:02","guid":{"rendered":"https:\/\/www.funkstation.info\/website\/?page_id=3510"},"modified":"2025-01-19T14:27:50","modified_gmt":"2025-01-19T13:27:50","slug":"howard-jones","status":"publish","type":"page","link":"https:\/\/www.funkstation.info\/website\/?page_id=3510","title":{"rendered":"Howard Jones"},"content":{"rendered":"<p>Wieder ein Highlight unserer Konzertbesuche.<\/p>\n<p>Wer kennt Ihn nicht. <a href=\"https:\/\/de.wikipedia.org\/wiki\/Howard_Jones_(Musiker,_1955)\" target=\"_blank\" rel=\"noopener\">Howard Jones<\/a> der Synthesizer Spezialist gab im November 2022 ein Konzert in Berlin im Columbia Theater mit all seinen vielen <a href=\"https:\/\/www.youtube.com\/watch?v=uqxuAtuzEeg\" target=\"_blank\" rel=\"noopener\">Hits<\/a>. Das Konzert sollte eigentlich im Jahre 2020 stattfinden wurde jedoch wegen Corona mehrmals verschoben.<\/p>\n<p>Wir hatten VIP Tickets und die Gelegenheit ihn vor dem Konzert Backstage mit ca. 10 Leuten hautnah zu treffen. Seine Frau war ebenso dabei und machte geduldig die Fotos mit unserem Handy.<\/p>\n<p>Als wir uns zum gemeinsamen Foto aufgestellt haben fragte ich Ihn schnell ob er damals beim Live Aid Konzert im Wembley Stadion vor 70.000 Menschen und vor 1 Millarde Menschen an den Bildschirmen seinen Song <a href=\"https:\/\/www.youtube.com\/watch?v=mC-XP_xkzmw\" target=\"_blank\" rel=\"noopener\"><em>Hide and Seek<\/em><\/a> spielte, aufgeregt war. Denn wenn man sich heute die Aufnahme von 1985 ansieht scheint es als wenn er damals nur ganz cool seinen Song performte.<\/p>\n<p>Er meinte einfach zu mir &#8211; <strong><em>Oh yeah , I was very excited&#8230;<\/em><\/strong><\/p>\n<p>Am Bass hatte er mit <a href=\"https:\/\/de.wikipedia.org\/wiki\/Nick_Beggs\" target=\"_blank\" rel=\"noopener\">Nick Beegs<\/a> von Kajagoogoo ebenso eine Legende dabei.<\/p>\n<p>Als Vorgruppe zum Hauptakt trat \u00fcbrigens \u00fcberraschend f\u00fcr uns <a href=\"https:\/\/de.wikipedia.org\/wiki\/Thorsten_Quaeschning\" target=\"_blank\" rel=\"noopener\">Thorsten Quaeschning<\/a> von der Gruppe <a href=\"https:\/\/de.wikipedia.org\/wiki\/Tangerine_Dream\" target=\"_blank\" rel=\"noopener\">Tangerine Dreams<\/a> auf.<\/p>\n<p>Insgesamt wieder ein toller Abend mit guter Musik und guten Sounds.<\/p>\n<p><a href=\"https:\/\/www.funkstation.info\/website\/wp-content\/uploads\/2025\/01\/20221118_195706-scaled.jpg\"><img loading=\"lazy\" decoding=\"async\" class=\"alignnone wp-image-3512\" src=\"https:\/\/www.funkstation.info\/website\/wp-content\/uploads\/2025\/01\/20221118_195706-300x225.jpg\" alt=\"\" width=\"765\" height=\"574\" srcset=\"https:\/\/www.funkstation.info\/website\/wp-content\/uploads\/2025\/01\/20221118_195706-300x225.jpg 300w, https:\/\/www.funkstation.info\/website\/wp-content\/uploads\/2025\/01\/20221118_195706-600x450.jpg 600w, https:\/\/www.funkstation.info\/website\/wp-content\/uploads\/2025\/01\/20221118_195706-768x576.jpg 768w, https:\/\/www.funkstation.info\/website\/wp-content\/uploads\/2025\/01\/20221118_195706-1536x1152.jpg 1536w, https:\/\/www.funkstation.info\/website\/wp-content\/uploads\/2025\/01\/20221118_195706-2048x1536.jpg 2048w\" sizes=\"auto, (max-width: 765px) 100vw, 765px\" \/><\/a><\/p>\n<p><a href=\"https:\/\/www.funkstation.info\/website\/wp-content\/uploads\/2025\/01\/20221118_214344-scaled.jpg\"><img loading=\"lazy\" decoding=\"async\" class=\"wp-image-3518 size-medium alignleft\" src=\"https:\/\/www.funkstation.info\/website\/wp-content\/uploads\/2025\/01\/20221118_214344-300x225.jpg\" alt=\"\" width=\"300\" height=\"225\" srcset=\"https:\/\/www.funkstation.info\/website\/wp-content\/uploads\/2025\/01\/20221118_214344-300x225.jpg 300w, https:\/\/www.funkstation.info\/website\/wp-content\/uploads\/2025\/01\/20221118_214344-600x450.jpg 600w, https:\/\/www.funkstation.info\/website\/wp-content\/uploads\/2025\/01\/20221118_214344-768x576.jpg 768w, https:\/\/www.funkstation.info\/website\/wp-content\/uploads\/2025\/01\/20221118_214344-1536x1152.jpg 1536w, https:\/\/www.funkstation.info\/website\/wp-content\/uploads\/2025\/01\/20221118_214344-2048x1536.jpg 2048w\" sizes=\"auto, (max-width: 300px) 100vw, 300px\" \/> <\/a><a href=\"https:\/\/www.funkstation.info\/website\/wp-content\/uploads\/2025\/01\/20221118_224736-scaled.jpg\"><img loading=\"lazy\" decoding=\"async\" class=\"size-medium wp-image-3517 alignright\" src=\"https:\/\/www.funkstation.info\/website\/wp-content\/uploads\/2025\/01\/20221118_224736-300x225.jpg\" alt=\"\" width=\"300\" height=\"225\" srcset=\"https:\/\/www.funkstation.info\/website\/wp-content\/uploads\/2025\/01\/20221118_224736-300x225.jpg 300w, https:\/\/www.funkstation.info\/website\/wp-content\/uploads\/2025\/01\/20221118_224736-600x450.jpg 600w, https:\/\/www.funkstation.info\/website\/wp-content\/uploads\/2025\/01\/20221118_224736-768x576.jpg 768w, https:\/\/www.funkstation.info\/website\/wp-content\/uploads\/2025\/01\/20221118_224736-1536x1152.jpg 1536w, https:\/\/www.funkstation.info\/website\/wp-content\/uploads\/2025\/01\/20221118_224736-2048x1536.jpg 2048w\" sizes=\"auto, (max-width: 300px) 100vw, 300px\" \/><\/a><\/p>\n<p><a href=\"https:\/\/www.funkstation.info\/website\/wp-content\/uploads\/2025\/01\/20221118_194022-scaled.jpg\"><img loading=\"lazy\" decoding=\"async\" class=\"size-medium wp-image-3516 aligncenter\" src=\"https:\/\/www.funkstation.info\/website\/wp-content\/uploads\/2025\/01\/20221118_194022-300x225.jpg\" alt=\"\" width=\"300\" height=\"225\" srcset=\"https:\/\/www.funkstation.info\/website\/wp-content\/uploads\/2025\/01\/20221118_194022-300x225.jpg 300w, https:\/\/www.funkstation.info\/website\/wp-content\/uploads\/2025\/01\/20221118_194022-600x450.jpg 600w, https:\/\/www.funkstation.info\/website\/wp-content\/uploads\/2025\/01\/20221118_194022-768x576.jpg 768w, https:\/\/www.funkstation.info\/website\/wp-content\/uploads\/2025\/01\/20221118_194022-1536x1152.jpg 1536w, https:\/\/www.funkstation.info\/website\/wp-content\/uploads\/2025\/01\/20221118_194022-2048x1536.jpg 2048w\" sizes=\"auto, (max-width: 300px) 100vw, 300px\" \/><\/a><a href=\"https:\/\/www.funkstation.info\/website\/wp-content\/uploads\/2025\/01\/HJones.jpg\"><img loading=\"lazy\" decoding=\"async\" class=\"size-medium wp-image-3529 alignleft\" src=\"https:\/\/www.funkstation.info\/website\/wp-content\/uploads\/2025\/01\/HJones-300x134.jpg\" alt=\"\" width=\"300\" height=\"134\" srcset=\"https:\/\/www.funkstation.info\/website\/wp-content\/uploads\/2025\/01\/HJones-300x134.jpg 300w, https:\/\/www.funkstation.info\/website\/wp-content\/uploads\/2025\/01\/HJones-600x268.jpg 600w, https:\/\/www.funkstation.info\/website\/wp-content\/uploads\/2025\/01\/HJones-768x343.jpg 768w, https:\/\/www.funkstation.info\/website\/wp-content\/uploads\/2025\/01\/HJones-1536x687.jpg 1536w, https:\/\/www.funkstation.info\/website\/wp-content\/uploads\/2025\/01\/HJones.jpg 2040w\" sizes=\"auto, (max-width: 300px) 100vw, 300px\" \/><\/a> <a href=\"https:\/\/www.funkstation.info\/website\/wp-content\/uploads\/2025\/01\/HJonesVIP.jpg\"><img loading=\"lazy\" decoding=\"async\" class=\"size-medium wp-image-3531 alignright\" src=\"https:\/\/www.funkstation.info\/website\/wp-content\/uploads\/2025\/01\/HJonesVIP-300x120.jpg\" alt=\"\" width=\"300\" height=\"120\" srcset=\"https:\/\/www.funkstation.info\/website\/wp-content\/uploads\/2025\/01\/HJonesVIP-300x120.jpg 300w, https:\/\/www.funkstation.info\/website\/wp-content\/uploads\/2025\/01\/HJonesVIP-600x240.jpg 600w, https:\/\/www.funkstation.info\/website\/wp-content\/uploads\/2025\/01\/HJonesVIP-768x307.jpg 768w, https:\/\/www.funkstation.info\/website\/wp-content\/uploads\/2025\/01\/HJonesVIP-1536x614.jpg 1536w, https:\/\/www.funkstation.info\/website\/wp-content\/uploads\/2025\/01\/HJonesVIP.jpg 1551w\" sizes=\"auto, (max-width: 300px) 100vw, 300px\" \/><\/a><\/p>\n","protected":false},"excerpt":{"rendered":"<p>Wieder ein Highlight unserer Konzertbesuche. Wer kennt Ihn nicht. Howard Jones der Synthesizer Spezialist gab im November 2022 ein Konzert in Berlin im Columbia Theater mit all seinen vielen Hits. Das Konzert sollte eigentlich im Jahre 2020 stattfinden wurde jedoch wegen Corona mehrmals verschoben. Wir hatten VIP Tickets und die Gelegenheit ihn vor dem Konzert Backstage mit ca. 10 Leuten [&hellip;]<\/p>\n","protected":false},"author":1,"featured_media":0,"parent":0,"menu_order":0,"comment_status":"closed","ping_status":"closed","template":"","meta":{"footnotes":""},"class_list":["post-3510","page","type-page","status-publish","hentry"],"_links":{"self":[{"href":"https:\/\/www.funkstation.info\/website\/index.php?rest_route=\/wp\/v2\/pages\/3510","targetHints":{"allow":["GET"]}}],"collection":[{"href":"https:\/\/www.funkstation.info\/website\/index.php?rest_route=\/wp\/v2\/pages"}],"about":[{"href":"https:\/\/www.funkstation.info\/website\/index.php?rest_route=\/wp\/v2\/types\/page"}],"author":[{"embeddable":true,"href":"https:\/\/www.funkstation.info\/website\/index.php?rest_route=\/wp\/v2\/users\/1"}],"replies":[{"embeddable":true,"href":"https:\/\/www.funkstation.info\/website\/index.php?rest_route=%2Fwp%2Fv2%2Fcomments&post=3510"}],"version-history":[{"count":14,"href":"https:\/\/www.funkstation.info\/website\/index.php?rest_route=\/wp\/v2\/pages\/3510\/revisions"}],"predecessor-version":[{"id":3535,"href":"https:\/\/www.funkstation.info\/website\/index.php?rest_route=\/wp\/v2\/pages\/3510\/revisions\/3535"}],"wp:attachment":[{"href":"https:\/\/www.funkstation.info\/website\/index.php?rest_route=%2Fwp%2Fv2%2Fmedia&parent=3510"}],"curies":[{"name":"wp","href":"https:\/\/api.w.org\/{rel}","templated":true}]}}