{"id":3407,"date":"2023-09-17T17:40:54","date_gmt":"2023-09-17T15:40:54","guid":{"rendered":"https:\/\/www.funkstation.info\/website\/?page_id=3407"},"modified":"2023-09-17T18:19:22","modified_gmt":"2023-09-17T16:19:22","slug":"my-music","status":"publish","type":"page","link":"https:\/\/www.funkstation.info\/website\/?page_id=3407","title":{"rendered":"My Music"},"content":{"rendered":"<p>Ich und meine Frau sind gro\u00dfe Fans der 80er Synti-Musik. Lange habe ich \u00fcberlegt ob ich hierzu auf meiner Amateurfunk Webseite etwas schreiben und somit ver\u00f6ffentlichen sollte.<\/p>\n<p>Da ich mich weiterhin strikt weigere auf fremden Servern einen eigenen Account z.B. auf Facebook oder Twitter zu er\u00f6ffnen und dort eigene Texte oder Bilder in den Weiten des Internets einzustellen m\u00f6chte ich den Besuchern besser hier auf meiner eigenen Webseite und somit auf meinem eigenen administrierten Server \u00fcber einige interessante pers\u00f6nliche Gedanken und Geschichten rund um die Musik der 80er schreiben obwohl mein haupts\u00e4chliches Hobby nat\u00fcrlich weiterhin der Amateurfunk ist und bleibt.<\/p>\n<p>Von Zeit zu Zeit werden hier also zuk\u00fcnftig z.B. Infos und Rezensionen zu von uns besuchten Konzerten, Infos zu unser Ticket- und Plattensammlung, gesammelte Autogramme oder auch kurze Geschichten zu Treffen und Begegnungen mit Musikern oder Bands beschrieben. Aber auch Infos zu den letzten noch verbliebenen AM-Rundfunksender mit Musikbeitr\u00e4gen und Shows auf Kurzwelle die mir beim t\u00e4glichen \u00fcber die B\u00e4nder drehen noch auffallen, werde ich berichten.<\/p>\n<p>&nbsp;<\/p>\n<p><em>Einfach oben im Men\u00fc unter &#8222;My Musik&#8220; die Beitr\u00e4ge ausw\u00e4hlen<\/em><\/p>\n","protected":false},"excerpt":{"rendered":"<p>Ich und meine Frau sind gro\u00dfe Fans der 80er Synti-Musik. Lange habe ich \u00fcberlegt ob ich hierzu auf meiner Amateurfunk Webseite etwas schreiben und somit ver\u00f6ffentlichen sollte. Da ich mich weiterhin strikt weigere auf fremden Servern einen eigenen Account z.B. auf Facebook oder Twitter zu er\u00f6ffnen und dort eigene Texte oder Bilder in den Weiten des Internets einzustellen m\u00f6chte ich [&hellip;]<\/p>\n","protected":false},"author":1,"featured_media":3357,"parent":0,"menu_order":0,"comment_status":"closed","ping_status":"closed","template":"","meta":{"footnotes":""},"class_list":["post-3407","page","type-page","status-publish","has-post-thumbnail","hentry"],"_links":{"self":[{"href":"https:\/\/www.funkstation.info\/website\/index.php?rest_route=\/wp\/v2\/pages\/3407","targetHints":{"allow":["GET"]}}],"collection":[{"href":"https:\/\/www.funkstation.info\/website\/index.php?rest_route=\/wp\/v2\/pages"}],"about":[{"href":"https:\/\/www.funkstation.info\/website\/index.php?rest_route=\/wp\/v2\/types\/page"}],"author":[{"embeddable":true,"href":"https:\/\/www.funkstation.info\/website\/index.php?rest_route=\/wp\/v2\/users\/1"}],"replies":[{"embeddable":true,"href":"https:\/\/www.funkstation.info\/website\/index.php?rest_route=%2Fwp%2Fv2%2Fcomments&post=3407"}],"version-history":[{"count":7,"href":"https:\/\/www.funkstation.info\/website\/index.php?rest_route=\/wp\/v2\/pages\/3407\/revisions"}],"predecessor-version":[{"id":3416,"href":"https:\/\/www.funkstation.info\/website\/index.php?rest_route=\/wp\/v2\/pages\/3407\/revisions\/3416"}],"wp:featuredmedia":[{"embeddable":true,"href":"https:\/\/www.funkstation.info\/website\/index.php?rest_route=\/wp\/v2\/media\/3357"}],"wp:attachment":[{"href":"https:\/\/www.funkstation.info\/website\/index.php?rest_route=%2Fwp%2Fv2%2Fmedia&parent=3407"}],"curies":[{"name":"wp","href":"https:\/\/api.w.org\/{rel}","templated":true}]}}