{"id":2,"date":"2011-04-25T08:50:49","date_gmt":"2011-04-25T08:50:49","guid":{"rendered":"http:\/\/www.funkstation.info\/website\/?page_id=2"},"modified":"2023-10-03T18:28:41","modified_gmt":"2023-10-03T16:28:41","slug":"start-seite","status":"publish","type":"page","link":"https:\/\/www.funkstation.info\/website\/","title":{"rendered":"Home"},"content":{"rendered":"<p>Der Amateurfunk ist auch im heutigen modernen Zeitalter noch immer ein Kommunikationsmedium mit dem sich weltweit mehrere Millionen aktive Funkamateure auf den verschiedensten Amateurfunkb\u00e4ndern intensiv besch\u00e4ftigen. <a href=\"https:\/\/www.funkstation.info\/website\/wp-content\/uploads\/2023\/10\/Shack.jpg\"><img loading=\"lazy\" decoding=\"async\" class=\"alignright wp-image-3432\" src=\"https:\/\/www.funkstation.info\/website\/wp-content\/uploads\/2023\/10\/Shack-300x217.jpg\" alt=\"\" width=\"390\" height=\"282\" srcset=\"https:\/\/www.funkstation.info\/website\/wp-content\/uploads\/2023\/10\/Shack-300x217.jpg 300w, https:\/\/www.funkstation.info\/website\/wp-content\/uploads\/2023\/10\/Shack-600x434.jpg 600w, https:\/\/www.funkstation.info\/website\/wp-content\/uploads\/2023\/10\/Shack-768x556.jpg 768w, https:\/\/www.funkstation.info\/website\/wp-content\/uploads\/2023\/10\/Shack.jpg 1200w\" sizes=\"auto, (max-width: 390px) 100vw, 390px\" \/><\/a>Ob auf den tiefen Frequenzbereichen weit unter 137 Khz bis hin zu den hohen Frequenzen bei 47 Ghz und auch h\u00f6her wird untereinander in verschiedenen Betriebsarten wie Telegrafie,Sprechfunk oder Digital erfolgreich kommuniziert und technische Neuerungen und Entwicklungen aus der Funktechnik ausgiebig getestet und weiter entwickelt.<\/p>\n<p>Auf dieser Webseite lesen Sie einige Informationen zu meinen pers\u00f6nlichen\u00a0 Amateurfunkaktivit\u00e4ten sowie Informationen \u00fcber verschiedene Themen des Amateurfunks wie z.B. Eigenbautechnik, SDR-Radio, Testberichte, Informationen zu Amateurfunk-Software, Tips und Hinweise zum Betriebsdienst, Beitr\u00e4ge \u00fcber Satellitenfunk und Informationen \u00fcber aktuelle Conteste sowie Neuigkeiten \u00fcber seltene Dxpeditionen.<\/p>\n<p>Awdh auf den B\u00e4ndern &amp; 73 Tom DL7UZO<\/p>\n<p style=\"text-align: center;\">\n<table id=\"tablepress-1\" class=\"tablepress tablepress-id-1\" aria-describedby=\"tablepress-1-description\">\n<thead>\n<tr class=\"row-1\">\n\t<th class=\"column-1\"><div id=\"attachment_3725\" style=\"width: 310px\" class=\"wp-caption alignnone\"><a href=\"https:\/\/www.funkstation.info\/website\/wp-content\/uploads\/2025\/07\/EA8_DL7UZO.jpg\"><img loading=\"lazy\" decoding=\"async\" aria-describedby=\"caption-attachment-3725\" src=\"https:\/\/www.funkstation.info\/website\/wp-content\/uploads\/2025\/07\/EA8_DL7UZO-300x194.jpg\" alt=\"\" width=\"300\" height=\"196\" class=\"size-medium wp-image-3725\" \/><\/a><p id=\"caption-attachment-3725\" class=\"wp-caption-text\">2025<\/p><\/div><\/th><th class=\"column-2\"><a href=\"https:\/\/www.funkstation.info\/website\/wp-content\/uploads\/2025\/08\/EA8_DL7UZO_innen.jpg\"><img loading=\"lazy\" decoding=\"async\" src=\"https:\/\/www.funkstation.info\/website\/wp-content\/uploads\/2025\/08\/EA8_DL7UZO_innen-300x97.jpg\" alt=\"\" width=\"300\" height=\"97\" class=\"alignnone size-medium wp-image-3730\" srcset=\"https:\/\/www.funkstation.info\/website\/wp-content\/uploads\/2025\/08\/EA8_DL7UZO_innen-300x97.jpg 300w, https:\/\/www.funkstation.info\/website\/wp-content\/uploads\/2025\/08\/EA8_DL7UZO_innen-600x194.jpg 600w, https:\/\/www.funkstation.info\/website\/wp-content\/uploads\/2025\/08\/EA8_DL7UZO_innen-768x248.jpg 768w, https:\/\/www.funkstation.info\/website\/wp-content\/uploads\/2025\/08\/EA8_DL7UZO_innen-1536x496.jpg 1536w, https:\/\/www.funkstation.info\/website\/wp-content\/uploads\/2025\/08\/EA8_DL7UZO_innen.jpg 1993w\" sizes=\"auto, (max-width: 300px) 100vw, 300px\" \/><\/a><\/th>\n<\/tr>\n<\/thead>\n<tbody>\n<tr class=\"row-2\">\n\t<td class=\"column-1\"><div id=\"attachment_3569\" style=\"width: 310px\" class=\"wp-caption alignnone\"><a href=\"https:\/\/www.funkstation.info\/website\/wp-content\/uploads\/2025\/03\/5P9Z_p.jpg\"><img loading=\"lazy\" decoding=\"async\" aria-describedby=\"caption-attachment-3569\" src=\"https:\/\/www.funkstation.info\/website\/wp-content\/uploads\/2025\/03\/5P9Z_p-300x194.jpg\" alt=\"\" width=\"300\" height=\"194\" class=\"size-medium wp-image-3569\" srcset=\"https:\/\/www.funkstation.info\/website\/wp-content\/uploads\/2025\/03\/5P9Z_p-300x194.jpg 300w, https:\/\/www.funkstation.info\/website\/wp-content\/uploads\/2025\/03\/5P9Z_p-600x388.jpg 600w, https:\/\/www.funkstation.info\/website\/wp-content\/uploads\/2025\/03\/5P9Z_p-768x497.jpg 768w, https:\/\/www.funkstation.info\/website\/wp-content\/uploads\/2025\/03\/5P9Z_p-140x90.jpg 140w, https:\/\/www.funkstation.info\/website\/wp-content\/uploads\/2025\/03\/5P9Z_p.jpg 1020w\" sizes=\"auto, (max-width: 300px) 100vw, 300px\" \/><\/a><p id=\"caption-attachment-3569\" class=\"wp-caption-text\">2024<\/p><\/div><\/td><td class=\"column-2\"><div id=\"attachment_3429\" style=\"width: 310px\" class=\"wp-caption alignnone\"><a href=\"https:\/\/www.funkstation.info\/website\/wp-content\/uploads\/2023\/10\/5P9Z-QSL-Neu.jpeg\"><img loading=\"lazy\" decoding=\"async\" aria-describedby=\"caption-attachment-3429\" src=\"https:\/\/www.funkstation.info\/website\/wp-content\/uploads\/2023\/10\/5P9Z-QSL-Neu-300x197.jpeg\" alt=\"\" width=\"300\" height=\"197\" class=\"size-medium wp-image-3429\" srcset=\"https:\/\/www.funkstation.info\/website\/wp-content\/uploads\/2023\/10\/5P9Z-QSL-Neu-300x197.jpeg 300w, https:\/\/www.funkstation.info\/website\/wp-content\/uploads\/2023\/10\/5P9Z-QSL-Neu-600x393.jpeg 600w, https:\/\/www.funkstation.info\/website\/wp-content\/uploads\/2023\/10\/5P9Z-QSL-Neu-768x503.jpeg 768w, https:\/\/www.funkstation.info\/website\/wp-content\/uploads\/2023\/10\/5P9Z-QSL-Neu.jpeg 1007w\" sizes=\"auto, (max-width: 300px) 100vw, 300px\" \/><\/a><p id=\"caption-attachment-3429\" class=\"wp-caption-text\">2023<\/p><\/div><\/td>\n<\/tr>\n<tr class=\"row-3\">\n\t<td class=\"column-1\"><div id=\"attachment_3387\" style=\"width: 310px\" class=\"wp-caption alignnone\"><a href=\"https:\/\/www.funkstation.info\/website\/wp-content\/uploads\/2022\/09\/SV8-DL7UZO.jpg\"><img loading=\"lazy\" decoding=\"async\" aria-describedby=\"caption-attachment-3387\" src=\"https:\/\/www.funkstation.info\/website\/wp-content\/uploads\/2022\/09\/SV8-DL7UZO-300x196.jpg\" alt=\"\" width=\"300\" height=\"196\" class=\"size-medium wp-image-3387\" srcset=\"https:\/\/www.funkstation.info\/website\/wp-content\/uploads\/2022\/09\/SV8-DL7UZO-300x196.jpg 300w, https:\/\/www.funkstation.info\/website\/wp-content\/uploads\/2022\/09\/SV8-DL7UZO-600x391.jpg 600w, https:\/\/www.funkstation.info\/website\/wp-content\/uploads\/2022\/09\/SV8-DL7UZO-768x501.jpg 768w, https:\/\/www.funkstation.info\/website\/wp-content\/uploads\/2022\/09\/SV8-DL7UZO-140x90.jpg 140w, https:\/\/www.funkstation.info\/website\/wp-content\/uploads\/2022\/09\/SV8-DL7UZO.jpg 1012w\" sizes=\"auto, (max-width: 300px) 100vw, 300px\" \/><\/a><p id=\"caption-attachment-3387\" class=\"wp-caption-text\">2022<\/p><\/div><\/td><td class=\"column-2\"><div id=\"attachment_3003\" style=\"width: 310px\" class=\"wp-caption alignnone\"><a href=\"https:\/\/www.funkstation.info\/website\/wp-content\/uploads\/2020\/04\/5P9Z_2.jpg\"><img loading=\"lazy\" decoding=\"async\" aria-describedby=\"caption-attachment-3003\" src=\"https:\/\/www.funkstation.info\/website\/wp-content\/uploads\/2020\/04\/5P9Z_2-300x192.jpg\" alt=\"\" width=\"300\" height=\"192\" class=\"size-medium wp-image-3003\" srcset=\"https:\/\/www.funkstation.info\/website\/wp-content\/uploads\/2020\/04\/5P9Z_2-300x192.jpg 300w, https:\/\/www.funkstation.info\/website\/wp-content\/uploads\/2020\/04\/5P9Z_2-600x385.jpg 600w, https:\/\/www.funkstation.info\/website\/wp-content\/uploads\/2020\/04\/5P9Z_2-768x493.jpg 768w, https:\/\/www.funkstation.info\/website\/wp-content\/uploads\/2020\/04\/5P9Z_2-140x90.jpg 140w, https:\/\/www.funkstation.info\/website\/wp-content\/uploads\/2020\/04\/5P9Z_2.jpg 998w\" sizes=\"auto, (max-width: 300px) 100vw, 300px\" \/><\/a><p id=\"caption-attachment-3003\" class=\"wp-caption-text\">2019<\/p><\/div><\/td>\n<\/tr>\n<tr class=\"row-4\">\n\t<td class=\"column-1\"><div id=\"attachment_2937\" style=\"width: 310px\" class=\"wp-caption alignnone\"><a href=\"https:\/\/www.funkstation.info\/website\/wp-content\/uploads\/2019\/06\/QSL-Front.jpg\"><img loading=\"lazy\" decoding=\"async\" aria-describedby=\"caption-attachment-2937\" src=\"https:\/\/www.funkstation.info\/website\/wp-content\/uploads\/2019\/06\/QSL-Front-300x195.jpg\" alt=\"\" width=\"300\" height=\"195\" class=\"size-medium wp-image-2937\" srcset=\"https:\/\/www.funkstation.info\/website\/wp-content\/uploads\/2019\/06\/QSL-Front-300x195.jpg 300w, https:\/\/www.funkstation.info\/website\/wp-content\/uploads\/2019\/06\/QSL-Front-768x500.jpg 768w, https:\/\/www.funkstation.info\/website\/wp-content\/uploads\/2019\/06\/QSL-Front-600x390.jpg 600w, https:\/\/www.funkstation.info\/website\/wp-content\/uploads\/2019\/06\/QSL-Front-140x90.jpg 140w, https:\/\/www.funkstation.info\/website\/wp-content\/uploads\/2019\/06\/QSL-Front.jpg 1013w\" sizes=\"auto, (max-width: 300px) 100vw, 300px\" \/><\/a><p id=\"caption-attachment-2937\" class=\"wp-caption-text\">2019<\/p><\/div><\/td><td class=\"column-2\"><div id=\"attachment_2399\" style=\"width: 310px\" class=\"wp-caption alignnone\"><a href=\"https:\/\/www.funkstation.info\/website\/wp-content\/uploads\/2011\/04\/QSL.jpg\"><img loading=\"lazy\" decoding=\"async\" aria-describedby=\"caption-attachment-2399\" src=\"https:\/\/www.funkstation.info\/website\/wp-content\/uploads\/2011\/04\/QSL-300x193.jpg\" alt=\"\" width=\"300\" height=\"193\" class=\"size-medium wp-image-2399\" srcset=\"https:\/\/www.funkstation.info\/website\/wp-content\/uploads\/2011\/04\/QSL-300x193.jpg 300w, https:\/\/www.funkstation.info\/website\/wp-content\/uploads\/2011\/04\/QSL-768x494.jpg 768w, https:\/\/www.funkstation.info\/website\/wp-content\/uploads\/2011\/04\/QSL-600x386.jpg 600w, https:\/\/www.funkstation.info\/website\/wp-content\/uploads\/2011\/04\/QSL.jpg 992w\" sizes=\"auto, (max-width: 300px) 100vw, 300px\" \/><\/a><p id=\"caption-attachment-2399\" class=\"wp-caption-text\">2019<\/p><\/div><\/td>\n<\/tr>\n<tr class=\"row-5\">\n\t<td class=\"column-1\"><div id=\"attachment_2573\" style=\"width: 310px\" class=\"wp-caption alignnone\"><a href=\"https:\/\/www.funkstation.info\/website\/wp-content\/uploads\/2018\/02\/5p9z017-e1517760304560.jpg\"><img loading=\"lazy\" decoding=\"async\" aria-describedby=\"caption-attachment-2573\" src=\"https:\/\/www.funkstation.info\/website\/wp-content\/uploads\/2018\/02\/5p9z017-300x193.jpg\" alt=\"\" width=\"300\" height=\"193\" class=\"size-medium wp-image-2573\" \/><\/a><p id=\"caption-attachment-2573\" class=\"wp-caption-text\">2017<\/p><\/div><\/td><td class=\"column-2\"><div id=\"attachment_2402\" style=\"width: 310px\" class=\"wp-caption alignnone\"><a href=\"https:\/\/www.funkstation.info\/website\/wp-content\/uploads\/2011\/04\/EA8-DL7UZO-1.jpg\"><img loading=\"lazy\" decoding=\"async\" aria-describedby=\"caption-attachment-2402\" src=\"https:\/\/www.funkstation.info\/website\/wp-content\/uploads\/2011\/04\/EA8-DL7UZO-1-300x193.jpg\" alt=\"\" width=\"300\" height=\"193\" class=\"size-medium wp-image-2402\" srcset=\"https:\/\/www.funkstation.info\/website\/wp-content\/uploads\/2011\/04\/EA8-DL7UZO-1-300x193.jpg 300w, https:\/\/www.funkstation.info\/website\/wp-content\/uploads\/2011\/04\/EA8-DL7UZO-1-768x494.jpg 768w, https:\/\/www.funkstation.info\/website\/wp-content\/uploads\/2011\/04\/EA8-DL7UZO-1-600x386.jpg 600w, https:\/\/www.funkstation.info\/website\/wp-content\/uploads\/2011\/04\/EA8-DL7UZO-1.jpg 992w\" sizes=\"auto, (max-width: 300px) 100vw, 300px\" \/><\/a><p id=\"caption-attachment-2402\" class=\"wp-caption-text\">2017<\/p><\/div><\/td>\n<\/tr>\n<tr class=\"row-6\">\n\t<td class=\"column-1\"><div id=\"attachment_1787\" style=\"width: 310px\" class=\"wp-caption alignnone\"><a href=\"https:\/\/www.funkstation.info\/website\/wp-content\/uploads\/pdf032.jpg\"><img loading=\"lazy\" decoding=\"async\" aria-describedby=\"caption-attachment-1787\" src=\"https:\/\/www.funkstation.info\/website\/wp-content\/uploads\/pdf032-300x194.jpg\" alt=\"\" width=\"300\" height=\"194\" class=\"size-medium wp-image-1787\" srcset=\"https:\/\/www.funkstation.info\/website\/wp-content\/uploads\/pdf032-300x194.jpg 300w, https:\/\/www.funkstation.info\/website\/wp-content\/uploads\/pdf032.jpg 801w\" sizes=\"auto, (max-width: 300px) 100vw, 300px\" \/><\/a><p id=\"caption-attachment-1787\" class=\"wp-caption-text\">2015<\/p><\/div><\/td><td class=\"column-2\"><div id=\"attachment_1562\" style=\"width: 310px\" class=\"wp-caption alignnone\"><a href=\"https:\/\/www.funkstation.info\/website\/wp-content\/uploads\/QSL-EA8-DL7UZO.jpg\"><img loading=\"lazy\" decoding=\"async\" aria-describedby=\"caption-attachment-1562\" src=\"https:\/\/www.funkstation.info\/website\/wp-content\/uploads\/QSL-EA8-DL7UZO-300x193.jpg\" alt=\"QSL-EA8-DL7UZO\" width=\"300\" height=\"193\" class=\"size-medium wp-image-1562\" srcset=\"https:\/\/www.funkstation.info\/website\/wp-content\/uploads\/QSL-EA8-DL7UZO-300x193.jpg 300w, https:\/\/www.funkstation.info\/website\/wp-content\/uploads\/QSL-EA8-DL7UZO-1024x658.jpg 1024w, https:\/\/www.funkstation.info\/website\/wp-content\/uploads\/QSL-EA8-DL7UZO.jpg 1063w\" sizes=\"auto, (max-width: 300px) 100vw, 300px\" \/><\/a><p id=\"caption-attachment-1562\" class=\"wp-caption-text\">2014<\/p><\/div><\/td>\n<\/tr>\n<tr class=\"row-7\">\n\t<td class=\"column-1\"><div id=\"attachment_178\" style=\"width: 310px\" class=\"wp-caption alignnone\"><a href=\"https:\/\/www.funkstation.info\/website\/wp-content\/uploads\/2011\/05\/CT7_DL7UZO_2.jpg\"><img loading=\"lazy\" decoding=\"async\" aria-describedby=\"caption-attachment-178\" src=\"https:\/\/www.funkstation.info\/website\/wp-content\/uploads\/2011\/05\/CT7_DL7UZO_2-300x195.jpg\" alt=\"QSL-Karte CT7\/DL7UZO 2011\" width=\"300\" height=\"195\" class=\"size-medium wp-image-178\" srcset=\"https:\/\/www.funkstation.info\/website\/wp-content\/uploads\/2011\/05\/CT7_DL7UZO_2-300x195.jpg 300w, https:\/\/www.funkstation.info\/website\/wp-content\/uploads\/2011\/05\/CT7_DL7UZO_2-230x150.jpg 230w, https:\/\/www.funkstation.info\/website\/wp-content\/uploads\/2011\/05\/CT7_DL7UZO_2.jpg 1013w\" sizes=\"auto, (max-width: 300px) 100vw, 300px\" \/><\/a><p id=\"caption-attachment-178\" class=\"wp-caption-text\">2011<\/p><\/div><\/td><td class=\"column-2\"><div id=\"attachment_1540\" style=\"width: 310px\" class=\"wp-caption alignnone\"><a href=\"https:\/\/www.funkstation.info\/website\/wp-content\/uploads\/QSL-5P9Z.jpg\"><img loading=\"lazy\" decoding=\"async\" aria-describedby=\"caption-attachment-1540\" src=\"https:\/\/www.funkstation.info\/website\/wp-content\/uploads\/QSL-5P9Z-300x193.jpg\" alt=\"\" width=\"300\" height=\"193\" class=\"size-medium wp-image-1540\" srcset=\"https:\/\/www.funkstation.info\/website\/wp-content\/uploads\/QSL-5P9Z-300x193.jpg 300w, https:\/\/www.funkstation.info\/website\/wp-content\/uploads\/QSL-5P9Z-1024x658.jpg 1024w, https:\/\/www.funkstation.info\/website\/wp-content\/uploads\/QSL-5P9Z.jpg 1063w\" sizes=\"auto, (max-width: 300px) 100vw, 300px\" \/><\/a><p id=\"caption-attachment-1540\" class=\"wp-caption-text\">2013<\/p><\/div><\/td>\n<\/tr>\n<tr class=\"row-8\">\n\t<td class=\"column-1\"><div id=\"attachment_259\" style=\"width: 310px\" class=\"wp-caption alignnone\"><a href=\"https:\/\/www.funkstation.info\/website\/wp-content\/uploads\/2011\/05\/dl7uzo_2-e1517760714588.jpg\"><img loading=\"lazy\" decoding=\"async\" aria-describedby=\"caption-attachment-259\" src=\"https:\/\/www.funkstation.info\/website\/wp-content\/uploads\/2011\/05\/dl7uzo_2-300x192.jpg\" alt=\"OZ\/DL7UZO EU-172\" width=\"300\" height=\"192\" class=\"size-medium wp-image-259\" \/><\/a><p id=\"caption-attachment-259\" class=\"wp-caption-text\">2006<\/p><\/div><\/td><td class=\"column-2\"><div id=\"attachment_249\" style=\"width: 310px\" class=\"wp-caption alignnone\"><a href=\"https:\/\/www.funkstation.info\/website\/wp-content\/uploads\/2011\/05\/img010.jpg\"><img loading=\"lazy\" decoding=\"async\" aria-describedby=\"caption-attachment-249\" src=\"https:\/\/www.funkstation.info\/website\/wp-content\/uploads\/2011\/05\/img010-300x192.jpg\" alt=\"QSL-Karte OZ\/DL7UZO EU-030 2003\" width=\"300\" height=\"192\" class=\"size-medium wp-image-249\" srcset=\"https:\/\/www.funkstation.info\/website\/wp-content\/uploads\/2011\/05\/img010-300x192.jpg 300w, https:\/\/www.funkstation.info\/website\/wp-content\/uploads\/2011\/05\/img010-233x150.jpg 233w, https:\/\/www.funkstation.info\/website\/wp-content\/uploads\/2011\/05\/img010.jpg 561w\" sizes=\"auto, (max-width: 300px) 100vw, 300px\" \/><\/a><p id=\"caption-attachment-249\" class=\"wp-caption-text\">2003<\/p><\/div><\/td>\n<\/tr>\n<tr class=\"row-9\">\n\t<td class=\"column-1\"><div id=\"attachment_253\" style=\"width: 310px\" class=\"wp-caption alignnone\"><a href=\"https:\/\/www.funkstation.info\/website\/wp-content\/uploads\/2011\/05\/img0111.jpg\"><img loading=\"lazy\" decoding=\"async\" aria-describedby=\"caption-attachment-253\" src=\"https:\/\/www.funkstation.info\/website\/wp-content\/uploads\/2011\/05\/img0111-300x193.jpg\" alt=\"QSL-Karte SV5\/DL7UZO\" width=\"300\" height=\"193\" class=\"size-medium wp-image-253\" srcset=\"https:\/\/www.funkstation.info\/website\/wp-content\/uploads\/2011\/05\/img0111-300x193.jpg 300w, https:\/\/www.funkstation.info\/website\/wp-content\/uploads\/2011\/05\/img0111-232x150.jpg 232w, https:\/\/www.funkstation.info\/website\/wp-content\/uploads\/2011\/05\/img0111.jpg 558w\" sizes=\"auto, (max-width: 300px) 100vw, 300px\" \/><\/a><p id=\"caption-attachment-253\" class=\"wp-caption-text\">1998<\/p><\/div><\/td><td class=\"column-2\"><div id=\"attachment_1775\" style=\"width: 310px\" class=\"wp-caption alignnone\"><a href=\"https:\/\/www.funkstation.info\/website\/wp-content\/uploads\/QSL-OE-DL7UZO.jpg\"><img loading=\"lazy\" decoding=\"async\" aria-describedby=\"caption-attachment-1775\" src=\"https:\/\/www.funkstation.info\/website\/wp-content\/uploads\/QSL-OE-DL7UZO-300x193.jpg\" alt=\"\" width=\"300\" height=\"193\" class=\"size-medium wp-image-1775\" srcset=\"https:\/\/www.funkstation.info\/website\/wp-content\/uploads\/QSL-OE-DL7UZO-300x193.jpg 300w, https:\/\/www.funkstation.info\/website\/wp-content\/uploads\/QSL-OE-DL7UZO-1024x659.jpg 1024w, https:\/\/www.funkstation.info\/website\/wp-content\/uploads\/QSL-OE-DL7UZO.jpg 1063w\" sizes=\"auto, (max-width: 300px) 100vw, 300px\" \/><\/a><p id=\"caption-attachment-1775\" class=\"wp-caption-text\">1992-2024<\/p><\/div><\/td>\n<\/tr>\n<\/tbody>\n<tfoot>\n<tr class=\"row-10\">\n\t<td class=\"column-1\"><\/td><td class=\"column-2\"><\/td>\n<\/tr>\n<\/tfoot>\n<\/table>\n<span id=\"tablepress-1-description\" class=\"tablepress-table-description tablepress-table-description-id-1\">This is an excerpt of my QSL Cards from my DXpeditions.<\/span>\n<!-- #tablepress-1 from cache --><\/p>\n<p><a href=\"https:\/\/a.check24.net\/misc\/click.php?pid=113473&amp;aid=256&amp;deep=pauschalreisen-vergleich\" target=\"_blank\" rel=\"noopener noreferrer\"><img decoding=\"async\" src=\"https:\/\/a.check24.net\/misc\/view.php?pid=113473&amp;aid=256\" \/><\/a><\/p>\n","protected":false},"excerpt":{"rendered":"<p>Der Amateurfunk ist auch im heutigen modernen Zeitalter noch immer ein Kommunikationsmedium mit dem sich weltweit mehrere Millionen aktive Funkamateure auf den verschiedensten Amateurfunkb\u00e4ndern intensiv besch\u00e4ftigen. Ob auf den tiefen Frequenzbereichen weit unter 137 Khz bis hin zu den hohen Frequenzen bei 47 Ghz und auch h\u00f6her wird untereinander in verschiedenen Betriebsarten wie Telegrafie,Sprechfunk oder Digital erfolgreich kommuniziert und technische [&hellip;]<\/p>\n","protected":false},"author":1,"featured_media":0,"parent":0,"menu_order":1,"comment_status":"closed","ping_status":"closed","template":"","meta":{"footnotes":""},"class_list":["post-2","page","type-page","status-publish","hentry"],"_links":{"self":[{"href":"https:\/\/www.funkstation.info\/website\/index.php?rest_route=\/wp\/v2\/pages\/2","targetHints":{"allow":["GET"]}}],"collection":[{"href":"https:\/\/www.funkstation.info\/website\/index.php?rest_route=\/wp\/v2\/pages"}],"about":[{"href":"https:\/\/www.funkstation.info\/website\/index.php?rest_route=\/wp\/v2\/types\/page"}],"author":[{"embeddable":true,"href":"https:\/\/www.funkstation.info\/website\/index.php?rest_route=\/wp\/v2\/users\/1"}],"replies":[{"embeddable":true,"href":"https:\/\/www.funkstation.info\/website\/index.php?rest_route=%2Fwp%2Fv2%2Fcomments&post=2"}],"version-history":[{"count":233,"href":"https:\/\/www.funkstation.info\/website\/index.php?rest_route=\/wp\/v2\/pages\/2\/revisions"}],"predecessor-version":[{"id":3439,"href":"https:\/\/www.funkstation.info\/website\/index.php?rest_route=\/wp\/v2\/pages\/2\/revisions\/3439"}],"wp:attachment":[{"href":"https:\/\/www.funkstation.info\/website\/index.php?rest_route=%2Fwp%2Fv2%2Fmedia&parent=2"}],"curies":[{"name":"wp","href":"https:\/\/api.w.org\/{rel}","templated":true}]}}